{"id":2,"date":"2020-01-12T03:48:00","date_gmt":"2020-01-12T03:48:00","guid":{"rendered":"http:\/\/strolchi.ing-wacker.de\/?page_id=2"},"modified":"2020-06-23T06:16:59","modified_gmt":"2020-06-23T06:16:59","slug":"sample-page","status":"publish","type":"page","link":"https:\/\/strolchi-tierhilfe.de\/?page_id=2","title":{"rendered":"Wer wir sind"},"content":{"rendered":"\n<p><strong>Die Geschichte<\/strong><\/p>\n\n\n\n<p>Kater Strolchi kam 2014 aus Asenovgrad (von einem bulgarischen Tierschutzverein) zu unserer Vorsitzenden Bianca Zschammer. Dadurch engagierte sie sich 5 Jahre bei einer bulgarischen Tierschutzorganisation. Durch diese Tierschutzarbeit in Bulgarien fanden sich schnell viele Tierfreunde zusammen, die auch helfen wollten, das Leben der Stra\u00dfentiere ein wenig besser zu machen. Sehr schnell sind wir zu einer gro\u00dfen Gruppe zusammengewachsen. Zusammen mit einigen freiwilligen Helfern fahren wir 3-4 mal im Jahr mit dem Auto voller Sach- und Futterspenden in verschiedene Orte in Bulgarien, um so die private Tiersch\u00fctzer zu unterst\u00fctzen. Wir k\u00fcmmern uns auch um die \u00e4rztliche Versorgung und die Kastrationen der Tiere, die in den St\u00e4dten\/D\u00f6rfern auf der Stra\u00dfe leben. Im Mai 2019 waren wir erneut, mit dem bis unter das Dach vollgepackten Mercedes Vito von Katja und Kai Wacker, unterwegs in Bulgarien. Die Not der Tiere ist sehr gro\u00df, gerade in den Regionen, abseits von den gro\u00dfen Tourismus-Zentren. Um wirklich nachhaltiger helfen zu k\u00f6nnen, haben wir (Kai Wacker, Katja Wacker, Beate Durnwalder-Polin, Tanja Frob\u00f6se, Helena Frasch, Shelley Chamovitz und Bianca Zschammer) unseren Verein Strolchi Tierhilfe e.V. in 4230 Asenovgrad\/Bulgarien gegr\u00fcndet. Den Vereinsnamen: Strolchi Tierhilfe e.V. haben wir gew\u00e4hlt, weil mit dem Kater Strolchi aus Asenovgrad \/Bulgarien alles begonnen hat. Mehr \u00fcber <em>Kater Strolchi ein Zuhause trotz Handicap<\/em>, <a href=\"https:\/\/www.facebook.com\/KaterleStrolchi\/\">https:\/\/www.facebook.com\/KaterleStrolchi\/<\/a> findet Ihr auf unser Facebook-Seite.<\/p>\n\n\n\n<p>Wir sind auf Eure Hilfe angewiesen, denn alleine schaffen wir es nicht, die Stra\u00dfen-Tiere mit dem N\u00f6tigsten zu versorgen. Sehr gerne nehmen wir Futterspenden f\u00fcr Katzen und Hunde, Sach- und Geldspenden entgegen. Jede Spende wird zu 100 Prozent f\u00fcr die Tiere verwendet, alles wird dokumentiert und \u00f6ffentlich gemacht.<\/p>\n\n\n\n<p><strong>Wen unterst\u00fctzen wir:<\/strong><\/p>\n\n\n\n<p><strong>Ivaila Boqnova, unser Tierengel in Burgas<\/strong> \u2764\ufe0f<br>Durch Zufall sind wir im Dezember 2019 durch einen Hilferuf in Facebook auf Ivaila in Burgas gesto\u00dfen. Sie bat um Futterspenden f\u00fcr ihre 120 Katzen und um Unterst\u00fctzung bei den Tierarztkosten. Da wir zu dieser Zeit in Asenovgrad waren, haben wir Futter gekauft und sind die 250 km nach Burgas gefahren um Ivaila kennenzulernen. Wir waren uns auf Anhieb sehr sympathisch. Sehr schnell stellte sich heraus, dass sie die Kastrationsbeauftrage der Stadt Burgas ist, was uns nat\u00fcrlich sehr erfreute. Leider hat das auch seine Schattenseiten. T\u00e4glich bekommt sie Anrufe von Bewohner der Stadt, die sich \u00fcber \u201el\u00e4stige\u201c Katzen beschweren und damit drohen, die Katzen zu beseitigen :(. Was tun in dieser Situation? Ivaila holt die Katzen nat\u00fcrlich von der Stra\u00dfe, l\u00e4sst sie kastrieren und ggf. \u00e4rztlich behandeln und bringt sie in Sicherheit. Und so werden es immer mehr Katzen, die bei Ivaila landen. Es war schnell klar, dort muss dauerhaft geholfen werden, damit die Fellnasen ein Leben in einem wunderbaren Zuhause bekommen. Wir beschlossen, ab sofort zusammen zu arbeiten. Unser gemeinsames Projekt ist der Aufbau einer Katzen-Auffangstation au\u00dferhalb von Burgas.<\/p>\n\n\n\n<figure class=\"wp-block-image size-large\"><img loading=\"lazy\" decoding=\"async\" width=\"720\" height=\"960\" src=\"https:\/\/strolchi-tierhilfe.de\/wp-content\/uploads\/2020\/06\/186EC086-9BA0-4686-8F3E-69144A15BE01.jpeg\" alt=\"\" class=\"wp-image-652\" srcset=\"https:\/\/strolchi-tierhilfe.de\/wp-content\/uploads\/2020\/06\/186EC086-9BA0-4686-8F3E-69144A15BE01.jpeg 720w, https:\/\/strolchi-tierhilfe.de\/wp-content\/uploads\/2020\/06\/186EC086-9BA0-4686-8F3E-69144A15BE01-225x300.jpeg 225w\" sizes=\"auto, (max-width: 720px) 100vw, 720px\" \/><\/figure>\n\n\n\n<p><strong>Dida Orli, unser Tierengel in Pomorie<\/strong> \u2764\ufe0f<\/p>\n\n\n\n<p>Dida besitzt ein kleines Ladengesch\u00e4ft in Pomorie und wird t\u00e4glich mit dem Leid auf der Stra\u00dfe konfrontiert :(.<br>Sie hilft wo sie kann und f\u00fcttert Streunerkatzen und -hunde. Auch hier war schnell klar, Dida ben\u00f6tigt unsere Unterst\u00fctzung, damit sie weiterhin die Tiere versorgen kann. Des weiteren nimmt sie kranke Katzen oder Kitten von der Stra\u00dfe auf, pflegt sie gesund und wir suchen danach ein sch\u00f6nes Zuhause f\u00fcr die Fellnasen.<\/p>\n\n\n\n<figure class=\"wp-block-gallery columns-2 is-cropped wp-block-gallery-1 is-layout-flex wp-block-gallery-is-layout-flex\"><ul class=\"blocks-gallery-grid\"><li class=\"blocks-gallery-item\"><figure><img loading=\"lazy\" decoding=\"async\" width=\"250\" height=\"384\" src=\"https:\/\/strolchi-tierhilfe.de\/wp-content\/uploads\/2020\/06\/AB263BB9-9A1D-4D04-8081-928E697D51FC.jpeg\" alt=\"\" data-id=\"654\" data-full-url=\"https:\/\/strolchi-tierhilfe.de\/wp-content\/uploads\/2020\/06\/AB263BB9-9A1D-4D04-8081-928E697D51FC.jpeg\" data-link=\"https:\/\/strolchi-tierhilfe.de\/?attachment_id=654\" class=\"wp-image-654\" srcset=\"https:\/\/strolchi-tierhilfe.de\/wp-content\/uploads\/2020\/06\/AB263BB9-9A1D-4D04-8081-928E697D51FC.jpeg 250w, https:\/\/strolchi-tierhilfe.de\/wp-content\/uploads\/2020\/06\/AB263BB9-9A1D-4D04-8081-928E697D51FC-195x300.jpeg 195w\" sizes=\"auto, (max-width: 250px) 100vw, 250px\" \/><\/figure><\/li><li class=\"blocks-gallery-item\"><figure><img loading=\"lazy\" decoding=\"async\" width=\"722\" height=\"960\" src=\"https:\/\/strolchi-tierhilfe.de\/wp-content\/uploads\/2020\/06\/CBB9D767-7567-406E-A5BD-33D8DACA6054.jpeg\" alt=\"\" data-id=\"653\" data-full-url=\"https:\/\/strolchi-tierhilfe.de\/wp-content\/uploads\/2020\/06\/CBB9D767-7567-406E-A5BD-33D8DACA6054.jpeg\" data-link=\"https:\/\/strolchi-tierhilfe.de\/?attachment_id=653\" class=\"wp-image-653\" srcset=\"https:\/\/strolchi-tierhilfe.de\/wp-content\/uploads\/2020\/06\/CBB9D767-7567-406E-A5BD-33D8DACA6054.jpeg 722w, https:\/\/strolchi-tierhilfe.de\/wp-content\/uploads\/2020\/06\/CBB9D767-7567-406E-A5BD-33D8DACA6054-226x300.jpeg 226w\" sizes=\"auto, (max-width: 722px) 100vw, 722px\" \/><\/figure><\/li><\/ul><\/figure>\n\n\n\n<p><\/p>\n","protected":false},"excerpt":{"rendered":"<p>Die Geschichte Kater Strolchi kam 2014 aus Asenovgrad (von einem bulgarischen Tierschutzverein) zu unserer Vorsitzenden Bianca Zschammer. Dadurch engagierte sie sich 5 Jahre bei einer bulgarischen Tierschutzorganisation. Durch diese Tierschutzarbeit in Bulgarien fanden sich schnell viele Tierfreunde zusammen, die auch helfen wollten, das Leben der Stra\u00dfentiere ein wenig besser zu machen. Sehr schnell sind wir &hellip; <\/p>\n<p class=\"link-more\"><a href=\"https:\/\/strolchi-tierhilfe.de\/?page_id=2\" class=\"more-link\"><span class=\"screen-reader-text\">\u201eWer wir sind\u201c<\/span> weiterlesen<\/a><\/p>\n","protected":false},"author":1,"featured_media":0,"parent":0,"menu_order":0,"comment_status":"closed","ping_status":"open","template":"","meta":{"footnotes":""},"class_list":["post-2","page","type-page","status-publish","hentry"],"_links":{"self":[{"href":"https:\/\/strolchi-tierhilfe.de\/index.php?rest_route=\/wp\/v2\/pages\/2","targetHints":{"allow":["GET"]}}],"collection":[{"href":"https:\/\/strolchi-tierhilfe.de\/index.php?rest_route=\/wp\/v2\/pages"}],"about":[{"href":"https:\/\/strolchi-tierhilfe.de\/index.php?rest_route=\/wp\/v2\/types\/page"}],"author":[{"embeddable":true,"href":"https:\/\/strolchi-tierhilfe.de\/index.php?rest_route=\/wp\/v2\/users\/1"}],"replies":[{"embeddable":true,"href":"https:\/\/strolchi-tierhilfe.de\/index.php?rest_route=%2Fwp%2Fv2%2Fcomments&post=2"}],"version-history":[{"count":13,"href":"https:\/\/strolchi-tierhilfe.de\/index.php?rest_route=\/wp\/v2\/pages\/2\/revisions"}],"predecessor-version":[{"id":668,"href":"https:\/\/strolchi-tierhilfe.de\/index.php?rest_route=\/wp\/v2\/pages\/2\/revisions\/668"}],"wp:attachment":[{"href":"https:\/\/strolchi-tierhilfe.de\/index.php?rest_route=%2Fwp%2Fv2%2Fmedia&parent=2"}],"curies":[{"name":"wp","href":"https:\/\/api.w.org\/{rel}","templated":true}]}}